{"id":700,"date":"2012-10-06T09:26:46","date_gmt":"2012-10-06T07:26:46","guid":{"rendered":"http:\/\/beopenbesmart.com\/?page_id=700"},"modified":"2017-07-08T21:16:28","modified_gmt":"2017-07-08T19:16:28","slug":"decoration","status":"publish","type":"page","link":"https:\/\/beopenbesmart.com\/?page_id=700","title":{"rendered":"Goulottes design"},"content":{"rendered":"<p><b>BeOpenBeSmart est revendeur et installateur\u00a0<\/b><strong>AmbienTech\u00ae<\/strong>. Cette gamme de produits permet de cr\u00e9er une ambiance d\u00e9corative tout en conservant la fonctionnalit\u00e9 des goulottes \u00e9lectriques classiques. R\u00e9solument design, ces goulottes en <strong>aluminium<\/strong> sont disponibles avec une finition <strong>anodis\u00e9e ou effet inox bross\u00e9<\/strong>. D\u00e9clin\u00e9e sous forme de plinthes, de colonne verticale et de colonne de coin, une r\u00e9novation \u00e9lectrique compl\u00e8te est envisageable. Les prises \u00e9lectriques, les prises multim\u00e9dia et les interrupteurs peuvent \u00eatre distribu\u00e9s \u00e0 l&#8217;emplacement souhait\u00e9. Les possibilit\u00e9s d&rsquo;installation sont quasiment infinies: r\u00e9alisation de cimaises, corniches de plafond, encastr\u00e9es dans le placo, encastr\u00e9es dans le sol, en cr\u00e9dence de cuisine. <a href=\"http:\/\/beopenbesmart.com\/?p=601\">En savoir plus<\/a><\/p>\n\t\t\t\t\t\t<div class=\"gallery_box_single\">\n\t\t\t\t\t\t\t<div id='gallery-1' class='gallery galleryid-1444 gallery-columns-3 gallery-size-thumbnail'><figure class='gallery-item'>\n\t\t\t<div class='gallery-icon '>\n\t\t\t\t<a href='https:\/\/beopenbesmart.com\/?attachment_id=1449'><img loading=\"lazy\" decoding=\"async\" width=\"1\" height=\"1\" src=\"https:\/\/beopenbesmart.com\/wp-content\/uploads\/Salon.tif\" class=\"attachment-thumbnail size-thumbnail\" alt=\"\" aria-describedby=\"gallery-1-1449\" \/><\/a>\n\t\t\t<\/div>\n\t\t\t\t<figcaption class='wp-caption-text gallery-caption' id='gallery-1-1449'>\n\t\t\t\tProgramme complet haute r\u00e9solution\n\t\t\t\t<\/figcaption><\/figure><figure class='gallery-item'>\n\t\t\t<div class='gallery-icon landscape'>\n\t\t\t\t<a href='https:\/\/beopenbesmart.com\/?attachment_id=1411'><img loading=\"lazy\" decoding=\"async\" width=\"150\" height=\"100\" src=\"https:\/\/i0.wp.com\/beopenbesmart.com\/wp-content\/uploads\/Plinthe-8.jpg?fit=150%2C100&amp;ssl=1\" class=\"attachment-thumbnail size-thumbnail\" alt=\"\" aria-describedby=\"gallery-1-1411\" \/><\/a>\n\t\t\t<\/div>\n\t\t\t\t<figcaption class='wp-caption-text gallery-caption' id='gallery-1-1411'>\n\t\t\t\tPlinthe design r\u00e9tro \u00e9clair\u00e9e\n\t\t\t\t<\/figcaption><\/figure><figure class='gallery-item'>\n\t\t\t<div class='gallery-icon landscape'>\n\t\t\t\t<a href='https:\/\/beopenbesmart.com\/?attachment_id=1410'><img loading=\"lazy\" decoding=\"async\" width=\"150\" height=\"100\" src=\"https:\/\/i0.wp.com\/beopenbesmart.com\/wp-content\/uploads\/Plinthe-7.jpg?fit=150%2C100&amp;ssl=1\" class=\"attachment-thumbnail size-thumbnail\" alt=\"\" aria-describedby=\"gallery-1-1410\" \/><\/a>\n\t\t\t<\/div>\n\t\t\t\t<figcaption class='wp-caption-text gallery-caption' id='gallery-1-1410'>\n\t\t\t\tDevice support pour ajouter des connecteurs \n\t\t\t\t<\/figcaption><\/figure><figure class='gallery-item'>\n\t\t\t<div class='gallery-icon landscape'>\n\t\t\t\t<a href='https:\/\/beopenbesmart.com\/?attachment_id=1409'><img loading=\"lazy\" decoding=\"async\" width=\"150\" height=\"100\" src=\"https:\/\/i0.wp.com\/beopenbesmart.com\/wp-content\/uploads\/Plinthe-6.jpg?fit=150%2C100&amp;ssl=1\" class=\"attachment-thumbnail size-thumbnail\" alt=\"\" aria-describedby=\"gallery-1-1409\" \/><\/a>\n\t\t\t<\/div>\n\t\t\t\t<figcaption class='wp-caption-text gallery-caption' id='gallery-1-1409'>\n\t\t\t\tDevice support \n\t\t\t\t<\/figcaption><\/figure><figure class='gallery-item'>\n\t\t\t<div class='gallery-icon landscape'>\n\t\t\t\t<a href='https:\/\/beopenbesmart.com\/?attachment_id=1406'><img loading=\"lazy\" decoding=\"async\" width=\"150\" height=\"100\" src=\"https:\/\/i0.wp.com\/beopenbesmart.com\/wp-content\/uploads\/Plinthe-2.jpg?fit=150%2C100&amp;ssl=1\" class=\"attachment-thumbnail size-thumbnail\" alt=\"\" aria-describedby=\"gallery-1-1406\" \/><\/a>\n\t\t\t<\/div>\n\t\t\t\t<figcaption class='wp-caption-text gallery-caption' id='gallery-1-1406'>\n\t\t\t\tPlinthe et colonne pass c\u00e2ble\n\t\t\t\t<\/figcaption><\/figure><figure class='gallery-item'>\n\t\t\t<div class='gallery-icon landscape'>\n\t\t\t\t<a href='https:\/\/beopenbesmart.com\/?attachment_id=1407'><img loading=\"lazy\" decoding=\"async\" width=\"150\" height=\"100\" src=\"https:\/\/i0.wp.com\/beopenbesmart.com\/wp-content\/uploads\/Plinthe-3.jpg?fit=150%2C100&amp;ssl=1\" class=\"attachment-thumbnail size-thumbnail\" alt=\"\" aria-describedby=\"gallery-1-1407\" \/><\/a>\n\t\t\t<\/div>\n\t\t\t\t<figcaption class='wp-caption-text gallery-caption' id='gallery-1-1407'>\n\t\t\t\tPlinthe et colonne r\u00e9tro \u00e9clair\u00e9es\n\t\t\t\t<\/figcaption><\/figure><figure class='gallery-item'>\n\t\t\t<div class='gallery-icon landscape'>\n\t\t\t\t<a href='https:\/\/beopenbesmart.com\/?attachment_id=1408'><img loading=\"lazy\" decoding=\"async\" width=\"150\" height=\"100\" src=\"https:\/\/i0.wp.com\/beopenbesmart.com\/wp-content\/uploads\/Plinthe-5.jpg?fit=150%2C100&amp;ssl=1\" class=\"attachment-thumbnail size-thumbnail\" alt=\"\" aria-describedby=\"gallery-1-1408\" \/><\/a>\n\t\t\t<\/div>\n\t\t\t\t<figcaption class='wp-caption-text gallery-caption' id='gallery-1-1408'>\n\t\t\t\tPlinthe avec cube Led \u00e9clairage rasant\n\t\t\t\t<\/figcaption><\/figure><figure class='gallery-item'>\n\t\t\t<div class='gallery-icon landscape'>\n\t\t\t\t<a href='https:\/\/beopenbesmart.com\/?attachment_id=1405'><img loading=\"lazy\" decoding=\"async\" width=\"150\" height=\"100\" src=\"https:\/\/i0.wp.com\/beopenbesmart.com\/wp-content\/uploads\/Plinthe.jpg?fit=150%2C100&amp;ssl=1\" class=\"attachment-thumbnail size-thumbnail\" alt=\"\" aria-describedby=\"gallery-1-1405\" \/><\/a>\n\t\t\t<\/div>\n\t\t\t\t<figcaption class='wp-caption-text gallery-caption' id='gallery-1-1405'>\n\t\t\t\tD\u00e9tail plinthe design\n\t\t\t\t<\/figcaption><\/figure><figure class='gallery-item'>\n\t\t\t<div class='gallery-icon landscape'>\n\t\t\t\t<a href='https:\/\/beopenbesmart.com\/?attachment_id=1396'><img loading=\"lazy\" decoding=\"async\" width=\"150\" height=\"99\" src=\"https:\/\/i0.wp.com\/beopenbesmart.com\/wp-content\/uploads\/Goulotte-design.jpg?fit=150%2C99&amp;ssl=1\" class=\"attachment-thumbnail size-thumbnail\" alt=\"\" aria-describedby=\"gallery-1-1396\" \/><\/a>\n\t\t\t<\/div>\n\t\t\t\t<figcaption class='wp-caption-text gallery-caption' id='gallery-1-1396'>\n\t\t\t\tR\u00e9alisation contemporaine\n\t\t\t\t<\/figcaption><\/figure><figure class='gallery-item'>\n\t\t\t<div class='gallery-icon landscape'>\n\t\t\t\t<a href='https:\/\/beopenbesmart.com\/?attachment_id=1350'><img loading=\"lazy\" decoding=\"async\" width=\"200\" height=\"71\" src=\"https:\/\/i0.wp.com\/beopenbesmart.com\/wp-content\/uploads\/Led-kit-Blanc.jpg?fit=200%2C71&amp;ssl=1\" class=\"attachment-thumbnail size-thumbnail\" alt=\"\" aria-describedby=\"gallery-1-1350\" srcset=\"https:\/\/i0.wp.com\/beopenbesmart.com\/wp-content\/uploads\/Led-kit-Blanc.jpg?w=210&amp;ssl=1 210w, https:\/\/i0.wp.com\/beopenbesmart.com\/wp-content\/uploads\/Led-kit-Blanc.jpg?resize=200%2C71&amp;ssl=1 200w\" sizes=\"(max-width: 200px) 100vw, 200px\" \/><\/a>\n\t\t\t<\/div>\n\t\t\t\t<figcaption class='wp-caption-text gallery-caption' id='gallery-1-1350'>\n\t\t\t\tCouleurs de r\u00e9tro \u00e9clairage\n\t\t\t\t<\/figcaption><\/figure><figure class='gallery-item'>\n\t\t\t<div class='gallery-icon landscape'>\n\t\t\t\t<a href='https:\/\/beopenbesmart.com\/?attachment_id=600'><img loading=\"lazy\" decoding=\"async\" width=\"200\" height=\"149\" src=\"https:\/\/i0.wp.com\/beopenbesmart.com\/wp-content\/uploads\/2012\/07\/Passe-c%C3%A2ble-TV.jpg?fit=200%2C149&amp;ssl=1\" class=\"attachment-thumbnail size-thumbnail\" alt=\"\" aria-describedby=\"gallery-1-600\" \/><\/a>\n\t\t\t<\/div>\n\t\t\t\t<figcaption class='wp-caption-text gallery-caption' id='gallery-1-600'>\n\t\t\t\tPasse c\u00e2ble et plinthe\n\t\t\t\t<\/figcaption><\/figure><figure class='gallery-item'>\n\t\t\t<div class='gallery-icon landscape'>\n\t\t\t\t<a href='https:\/\/beopenbesmart.com\/?attachment_id=599'><img loading=\"lazy\" decoding=\"async\" width=\"200\" height=\"133\" src=\"https:\/\/i0.wp.com\/beopenbesmart.com\/wp-content\/uploads\/2012\/07\/Plinthe-passe-c%C3%A2ble.jpg?fit=200%2C133&amp;ssl=1\" class=\"attachment-thumbnail size-thumbnail\" alt=\"\" aria-describedby=\"gallery-1-599\" \/><\/a>\n\t\t\t<\/div>\n\t\t\t\t<figcaption class='wp-caption-text gallery-caption' id='gallery-1-599'>\n\t\t\t\tLe must: Plinthe r\u00e9tro \u00e9clair\u00e9e haut et bas + cube Led \u00e9clairage rasant\n\t\t\t\t<\/figcaption><\/figure>\n\t\t<\/div>\n\t\t\t\t\t\t<\/div><!-- .gallery_box_single -->\n\t\t\t\t\t\t<div class=\"gllr_clear\"><\/div>\n\t\t\t\t\t\t\n<p><a href=\"http:\/\/beopenbesmart.com\/?product_cat=goulottes-design\">\u00a0<\/a><\/p>\n<p style=\"text-align: right;\"><a title=\"AmbienTech\u00ae\" href=\"http:\/\/beopenbesmart.com\/plinthes-retro-eclairees-passe-cable\/\">\u00a0<\/a><\/p>\n<p><strong>\u00a0<\/strong><\/p>\n","protected":false},"excerpt":{"rendered":"<p>BeOpenBeSmart est revendeur et installateur\u00a0AmbienTech\u00ae. Cette gamme de produits permet de cr\u00e9er une ambiance d\u00e9corative tout en conservant la fonctionnalit\u00e9 des goulottes \u00e9lectriques classiques. R\u00e9solument design, ces goulottes en aluminium sont disponibles avec une finition anodis\u00e9e ou effet inox bross\u00e9. D\u00e9clin\u00e9e sous forme de plinthes, de colonne verticale et de colonne de coin, une r\u00e9novation<\/p>\n<div><a class=\"btn-filled btn\" href=\"https:\/\/beopenbesmart.com\/?gallery=realisations\" title=\"Goulottes design\">Lire la suite<\/a><\/div>\n","protected":false},"author":1,"featured_media":600,"parent":0,"menu_order":0,"comment_status":"closed","ping_status":"closed","template":"","meta":{"footnotes":""},"aioseo_notices":[],"jetpack_sharing_enabled":true,"_links":{"self":[{"href":"https:\/\/beopenbesmart.com\/index.php?rest_route=\/wp\/v2\/pages\/700"}],"collection":[{"href":"https:\/\/beopenbesmart.com\/index.php?rest_route=\/wp\/v2\/pages"}],"about":[{"href":"https:\/\/beopenbesmart.com\/index.php?rest_route=\/wp\/v2\/types\/page"}],"author":[{"embeddable":true,"href":"https:\/\/beopenbesmart.com\/index.php?rest_route=\/wp\/v2\/users\/1"}],"replies":[{"embeddable":true,"href":"https:\/\/beopenbesmart.com\/index.php?rest_route=%2Fwp%2Fv2%2Fcomments&post=700"}],"version-history":[{"count":23,"href":"https:\/\/beopenbesmart.com\/index.php?rest_route=\/wp\/v2\/pages\/700\/revisions"}],"predecessor-version":[{"id":1594,"href":"https:\/\/beopenbesmart.com\/index.php?rest_route=\/wp\/v2\/pages\/700\/revisions\/1594"}],"wp:featuredmedia":[{"embeddable":true,"href":"https:\/\/beopenbesmart.com\/index.php?rest_route=\/wp\/v2\/media\/600"}],"wp:attachment":[{"href":"https:\/\/beopenbesmart.com\/index.php?rest_route=%2Fwp%2Fv2%2Fmedia&parent=700"}],"curies":[{"name":"wp","href":"https:\/\/api.w.org\/{rel}","templated":true}]}}