{"id":32,"date":"2017-07-12T08:19:59","date_gmt":"2017-07-12T06:19:59","guid":{"rendered":"http:\/\/beopenbesmart.com\/?page_id=32"},"modified":"2021-03-11T17:34:13","modified_gmt":"2021-03-11T16:34:13","slug":"be-smart","status":"publish","type":"page","link":"https:\/\/beopenbesmart.com\/?page_id=32","title":{"rendered":"Domotique"},"content":{"rendered":"<div align=\"center\">\n<h4>Professionnel de la domotique depuis 2012, notre soci\u00e9t\u00e9 est bas\u00e9e en Haute Savoie entre Gen\u00e8ve et Chamonix. Nous intervenons en France et en Suisse.<\/h4>\n<h4>Nous sommes certifi\u00e9s Control4, Lutron, KNX, Somfy, Honeywell, Nest, Doorbird<\/h4>\n<h4>Du contr\u00f4le de l&rsquo;\u00e9clairage, du chauffage, des volets roulants jusqu&rsquo;\u00e0 la distribution de vos contenus multim\u00e9dias dans toutes les pi\u00e8ces, nous avons la r\u00e9ponse selon votre budget.<\/h4>\n<h4>Du plus simple au tr\u00e8s haut de gamme, notre savoir faire permet de r\u00e9pondre \u00e0 toutes les exigences! Plus de 500 clients nous font confiance, pourquoi pas vous?<\/h4>\n<\/div>\n<h4><a href=\"http:\/\/beopenbesmart.com\/?p=1600\">Voir nos certifications<\/a><\/h4>\n","protected":false},"excerpt":{"rendered":"<p>Professionnel de la domotique depuis 2012, notre soci\u00e9t\u00e9 est bas\u00e9e en Haute Savoie entre Gen\u00e8ve et Chamonix. Nous intervenons en France et en Suisse. Nous sommes certifi\u00e9s Control4, Lutron, KNX, Somfy, Honeywell, Nest, Doorbird Du contr\u00f4le de l&rsquo;\u00e9clairage, du chauffage, des volets roulants jusqu&rsquo;\u00e0 la distribution de vos contenus multim\u00e9dias dans toutes les pi\u00e8ces, nous<\/p>\n<div><a class=\"btn-filled btn\" href=\"https:\/\/beopenbesmart.com\/?page_id=32\" title=\"Domotique\">Lire la suite<\/a><\/div>\n","protected":false},"author":1,"featured_media":368,"parent":0,"menu_order":4,"comment_status":"closed","ping_status":"closed","template":"","meta":{"footnotes":""},"aioseo_notices":[],"jetpack_sharing_enabled":true,"_links":{"self":[{"href":"https:\/\/beopenbesmart.com\/index.php?rest_route=\/wp\/v2\/pages\/32"}],"collection":[{"href":"https:\/\/beopenbesmart.com\/index.php?rest_route=\/wp\/v2\/pages"}],"about":[{"href":"https:\/\/beopenbesmart.com\/index.php?rest_route=\/wp\/v2\/types\/page"}],"author":[{"embeddable":true,"href":"https:\/\/beopenbesmart.com\/index.php?rest_route=\/wp\/v2\/users\/1"}],"replies":[{"embeddable":true,"href":"https:\/\/beopenbesmart.com\/index.php?rest_route=%2Fwp%2Fv2%2Fcomments&post=32"}],"version-history":[{"count":148,"href":"https:\/\/beopenbesmart.com\/index.php?rest_route=\/wp\/v2\/pages\/32\/revisions"}],"predecessor-version":[{"id":1798,"href":"https:\/\/beopenbesmart.com\/index.php?rest_route=\/wp\/v2\/pages\/32\/revisions\/1798"}],"wp:featuredmedia":[{"embeddable":true,"href":"https:\/\/beopenbesmart.com\/index.php?rest_route=\/wp\/v2\/media\/368"}],"wp:attachment":[{"href":"https:\/\/beopenbesmart.com\/index.php?rest_route=%2Fwp%2Fv2%2Fmedia&parent=32"}],"curies":[{"name":"wp","href":"https:\/\/api.w.org\/{rel}","templated":true}]}}