{"id":1826,"date":"2024-05-07T12:39:29","date_gmt":"2024-05-07T10:39:29","guid":{"rendered":"http:\/\/beopenbesmart.com\/?page_id=1826"},"modified":"2024-05-07T15:29:20","modified_gmt":"2024-05-07T13:29:20","slug":"bienvenue","status":"publish","type":"page","link":"https:\/\/beopenbesmart.com\/","title":{"rendered":"Nous vous souhaitons la bienvenue dans un  monde o\u00f9 la technologie est au service de la simplicit\u00e9"},"content":{"rendered":"\n<figure class=\"wp-block-image size-large\"><img data-recalc-dims=\"1\" loading=\"lazy\" decoding=\"async\" width=\"1024\" height=\"683\" src=\"https:\/\/i0.wp.com\/beopenbesmart.com\/wp-content\/uploads\/NEEO_Lifestyle_11.jpg?resize=1024%2C683\" alt=\"Control4 Neeo remote\" class=\"wp-image-1693\" srcset=\"https:\/\/i0.wp.com\/beopenbesmart.com\/wp-content\/uploads\/NEEO_Lifestyle_11-scaled.jpg?resize=1024%2C683&amp;ssl=1 1024w, https:\/\/i0.wp.com\/beopenbesmart.com\/wp-content\/uploads\/NEEO_Lifestyle_11-scaled.jpg?resize=300%2C200&amp;ssl=1 300w, https:\/\/i0.wp.com\/beopenbesmart.com\/wp-content\/uploads\/NEEO_Lifestyle_11-scaled.jpg?resize=200%2C133&amp;ssl=1 200w, https:\/\/i0.wp.com\/beopenbesmart.com\/wp-content\/uploads\/NEEO_Lifestyle_11-scaled.jpg?resize=768%2C512&amp;ssl=1 768w, https:\/\/i0.wp.com\/beopenbesmart.com\/wp-content\/uploads\/NEEO_Lifestyle_11-scaled.jpg?resize=1536%2C1024&amp;ssl=1 1536w, https:\/\/i0.wp.com\/beopenbesmart.com\/wp-content\/uploads\/NEEO_Lifestyle_11-scaled.jpg?resize=2048%2C1365&amp;ssl=1 2048w, https:\/\/i0.wp.com\/beopenbesmart.com\/wp-content\/uploads\/NEEO_Lifestyle_11-scaled.jpg?resize=120%2C80&amp;ssl=1 120w, https:\/\/i0.wp.com\/beopenbesmart.com\/wp-content\/uploads\/NEEO_Lifestyle_11-scaled.jpg?w=2280 2280w\" sizes=\"(max-width: 1024px) 100vw, 1024px\" \/><figcaption class=\"wp-element-caption\">BOBS Be Open Be Smart est une entreprise de <strong>domotique<\/strong> implant\u00e9e au coeur des Alpes id\u00e9alement situ\u00e9e entre Annecy, Chamonix et Gen\u00e8ve. Nos comp\u00e9tences <strong>au service des particuliers et des professionnels depuis 2012<\/strong> comprennent la fourniture, la pose et la mise en service de <strong>syst\u00e8mes domotiques<\/strong>, l&rsquo;<strong>int\u00e9gration audio-vid\u00e9o<\/strong>, la programmation, la supervision et l&rsquo;automatisation de syst\u00e8mes <strong>KNX<\/strong>, la fourniture, la pose et la mise en service de <strong>syst\u00e8mes d&rsquo;alarme<\/strong> radio et\/ou filaire, la fourniture, la pose et la mise en service de syst\u00e8mes de <strong>vid\u00e9osurveillance<\/strong> et <strong>visiophone<\/strong>, le contr\u00f4le du <strong>chauffage \u00e0 distance<\/strong>.<\/figcaption><\/figure>\n\n\n\n<h2 class=\"wp-block-heading\">BOBS Be Open Be Smart, artisan de confiance<\/h2>\n\n\n\n<figure class=\"wp-block-image size-full\"><img data-recalc-dims=\"1\" loading=\"lazy\" decoding=\"async\" width=\"392\" height=\"167\" src=\"https:\/\/i0.wp.com\/beopenbesmart.com\/wp-content\/uploads\/logo_reference_maaf_2024_392px-1.jpeg?resize=392%2C167\" alt=\"BOBS Artisan R\u00e9f\u00e9rence MAAF\" class=\"wp-image-1830\" srcset=\"https:\/\/i0.wp.com\/beopenbesmart.com\/wp-content\/uploads\/logo_reference_maaf_2024_392px-1.jpeg?w=392&amp;ssl=1 392w, https:\/\/i0.wp.com\/beopenbesmart.com\/wp-content\/uploads\/logo_reference_maaf_2024_392px-1.jpeg?resize=300%2C128&amp;ssl=1 300w, https:\/\/i0.wp.com\/beopenbesmart.com\/wp-content\/uploads\/logo_reference_maaf_2024_392px-1.jpeg?resize=200%2C85&amp;ssl=1 200w, https:\/\/i0.wp.com\/beopenbesmart.com\/wp-content\/uploads\/logo_reference_maaf_2024_392px-1.jpeg?resize=228%2C97&amp;ssl=1 228w\" sizes=\"(max-width: 392px) 100vw, 392px\" \/><\/figure>\n","protected":false},"excerpt":{"rendered":"<p>BOBS Be Open Be Smart, artisan de confiance<\/p>\n","protected":false},"author":1,"featured_media":0,"parent":0,"menu_order":0,"comment_status":"closed","ping_status":"closed","template":"","meta":{"footnotes":""},"aioseo_notices":[],"jetpack_sharing_enabled":true,"_links":{"self":[{"href":"https:\/\/beopenbesmart.com\/index.php?rest_route=\/wp\/v2\/pages\/1826"}],"collection":[{"href":"https:\/\/beopenbesmart.com\/index.php?rest_route=\/wp\/v2\/pages"}],"about":[{"href":"https:\/\/beopenbesmart.com\/index.php?rest_route=\/wp\/v2\/types\/page"}],"author":[{"embeddable":true,"href":"https:\/\/beopenbesmart.com\/index.php?rest_route=\/wp\/v2\/users\/1"}],"replies":[{"embeddable":true,"href":"https:\/\/beopenbesmart.com\/index.php?rest_route=%2Fwp%2Fv2%2Fcomments&post=1826"}],"version-history":[{"count":4,"href":"https:\/\/beopenbesmart.com\/index.php?rest_route=\/wp\/v2\/pages\/1826\/revisions"}],"predecessor-version":[{"id":1834,"href":"https:\/\/beopenbesmart.com\/index.php?rest_route=\/wp\/v2\/pages\/1826\/revisions\/1834"}],"wp:attachment":[{"href":"https:\/\/beopenbesmart.com\/index.php?rest_route=%2Fwp%2Fv2%2Fmedia&parent=1826"}],"curies":[{"name":"wp","href":"https:\/\/api.w.org\/{rel}","templated":true}]}}