{"id":1751,"date":"2020-05-07T16:27:18","date_gmt":"2020-05-07T14:27:18","guid":{"rendered":"http:\/\/beopenbesmart.com\/?page_id=1751"},"modified":"2020-05-11T16:24:05","modified_gmt":"2020-05-11T14:24:05","slug":"reseau-wifi","status":"publish","type":"page","link":"https:\/\/beopenbesmart.com\/?page_id=1751","title":{"rendered":"R\u00e9seau-Wifi"},"content":{"rendered":"\n<p>Par analogie avec le corps humain, si la domotique est le cerveau, le r\u00e9seau \u00ab\u00a0informatique\u00a0\u00bb est consid\u00e9r\u00e9 comme le coeur. Il est facile \u00e0 comprendre que n&rsquo;importe quel cerveau, m\u00eame le plus \u00e9volu\u00e9 n\u00e9cessite d&rsquo;avoir un coeur qui fonctionne parfaitement. Nous avons d\u00e9velopp\u00e9 une offre de produits adapt\u00e9s au r\u00e9sidentiel comme \u00e0 des activit\u00e9s tertiaires avec plusieurs b\u00e2timents. Nous utilisons la box fournie par votre op\u00e9rateur uniquement comme lien avec internet. Contrat de maintenance et gestion \u00e0 distance font partis des services associ\u00e9s. <\/p>\n\n\n\n<div class=\"wp-block-media-text alignwide\" style=\"grid-template-columns:24% auto\"><figure class=\"wp-block-media-text__media\"><img data-recalc-dims=\"1\" loading=\"lazy\" decoding=\"async\" width=\"165\" height=\"124\" src=\"https:\/\/i0.wp.com\/beopenbesmart.com\/wp-content\/uploads\/wifi.png?resize=165%2C124\" alt=\"Wifi\" class=\"wp-image-1753\" srcset=\"https:\/\/i0.wp.com\/beopenbesmart.com\/wp-content\/uploads\/wifi.png?w=165&amp;ssl=1 165w, https:\/\/i0.wp.com\/beopenbesmart.com\/wp-content\/uploads\/wifi.png?resize=160%2C120&amp;ssl=1 160w\" sizes=\"(max-width: 165px) 100vw, 165px\" \/><\/figure><div class=\"wp-block-media-text__content\">\n<p class=\"has-large-font-size\">Du WiFi dans toute la maison<\/p>\n\n\n\n<p>Installation et mise en service de points d&rsquo;acc\u00e8s WiFi<\/p>\n\n\n\n<p>Un r\u00e9seau unifi\u00e9 et sans roaming<\/p>\n\n\n\n<p>Configuration avanc\u00e9e <\/p>\n<\/div><\/div>\n\n\n\n<div class=\"wp-block-media-text alignwide\" style=\"grid-template-columns:24% auto\"><figure class=\"wp-block-media-text__media\"><img data-recalc-dims=\"1\" loading=\"lazy\" decoding=\"async\" width=\"328\" height=\"118\" src=\"https:\/\/i0.wp.com\/beopenbesmart.com\/wp-content\/uploads\/Logo-Unifi.png?resize=328%2C118\" alt=\"\" class=\"wp-image-1752\" srcset=\"https:\/\/i0.wp.com\/beopenbesmart.com\/wp-content\/uploads\/Logo-Unifi.png?w=328&amp;ssl=1 328w, https:\/\/i0.wp.com\/beopenbesmart.com\/wp-content\/uploads\/Logo-Unifi.png?resize=300%2C108&amp;ssl=1 300w, https:\/\/i0.wp.com\/beopenbesmart.com\/wp-content\/uploads\/Logo-Unifi.png?resize=200%2C72&amp;ssl=1 200w\" sizes=\"(max-width: 328px) 100vw, 328px\" \/><\/figure><div class=\"wp-block-media-text__content\">\n<p class=\"has-large-font-size\">s\u00e9curit\u00e9 r\u00e9seau<\/p>\n\n\n\n<p>Routeur gigabit<\/p>\n\n\n\n<p>Parefeu<\/p>\n\n\n\n<p>R\u00e8gles de routage<\/p>\n<\/div><\/div>\n\n\n\n<div class=\"wp-block-media-text alignwide\" style=\"grid-template-columns:25% auto\"><figure class=\"wp-block-media-text__media\"><img data-recalc-dims=\"1\" loading=\"lazy\" decoding=\"async\" width=\"312\" height=\"600\" src=\"https:\/\/i0.wp.com\/beopenbesmart.com\/wp-content\/uploads\/Baie-de-brassage-e1588848961510.jpg?resize=312%2C600\" alt=\"\" class=\"wp-image-1754\" srcset=\"https:\/\/i0.wp.com\/beopenbesmart.com\/wp-content\/uploads\/Baie-de-brassage-e1588848961510.jpg?w=312&amp;ssl=1 312w, https:\/\/i0.wp.com\/beopenbesmart.com\/wp-content\/uploads\/Baie-de-brassage-e1588848961510.jpg?resize=156%2C300&amp;ssl=1 156w, https:\/\/i0.wp.com\/beopenbesmart.com\/wp-content\/uploads\/Baie-de-brassage-e1588848961510.jpg?resize=104%2C200&amp;ssl=1 104w, https:\/\/i0.wp.com\/beopenbesmart.com\/wp-content\/uploads\/Baie-de-brassage-e1588848961510.jpg?resize=300%2C577&amp;ssl=1 300w\" sizes=\"(max-width: 312px) 100vw, 312px\" \/><\/figure><div class=\"wp-block-media-text__content\">\n<p class=\"has-large-font-size\">Baie de Brassage<\/p>\n\n\n\n<p>R\u00e9alisation des noyaux femelles RJ45<\/p>\n\n\n\n<p>Test et certification des prises RJ45<\/p>\n\n\n\n<p>Fibre Optique<\/p>\n\n\n\n<p>Onduleurs<\/p>\n\n\n\n<p>Accessoires<\/p>\n<\/div><\/div>\n","protected":false},"excerpt":{"rendered":"<p>Par analogie avec le corps humain, si la domotique est le cerveau, le r\u00e9seau \u00ab\u00a0informatique\u00a0\u00bb est consid\u00e9r\u00e9 comme le coeur. Il est facile \u00e0 comprendre que n&rsquo;importe quel cerveau, m\u00eame le plus \u00e9volu\u00e9 n\u00e9cessite d&rsquo;avoir un coeur qui fonctionne parfaitement. Nous avons d\u00e9velopp\u00e9 une offre de produits adapt\u00e9s au r\u00e9sidentiel comme \u00e0 des activit\u00e9s tertiaires<\/p>\n<div><a class=\"btn-filled btn\" href=\"https:\/\/beopenbesmart.com\/?page_id=1751\" title=\"R\u00e9seau-Wifi\">Lire la suite<\/a><\/div>\n","protected":false},"author":1,"featured_media":0,"parent":0,"menu_order":0,"comment_status":"closed","ping_status":"closed","template":"","meta":{"footnotes":""},"aioseo_notices":[],"jetpack_sharing_enabled":true,"_links":{"self":[{"href":"https:\/\/beopenbesmart.com\/index.php?rest_route=\/wp\/v2\/pages\/1751"}],"collection":[{"href":"https:\/\/beopenbesmart.com\/index.php?rest_route=\/wp\/v2\/pages"}],"about":[{"href":"https:\/\/beopenbesmart.com\/index.php?rest_route=\/wp\/v2\/types\/page"}],"author":[{"embeddable":true,"href":"https:\/\/beopenbesmart.com\/index.php?rest_route=\/wp\/v2\/users\/1"}],"replies":[{"embeddable":true,"href":"https:\/\/beopenbesmart.com\/index.php?rest_route=%2Fwp%2Fv2%2Fcomments&post=1751"}],"version-history":[{"count":7,"href":"https:\/\/beopenbesmart.com\/index.php?rest_route=\/wp\/v2\/pages\/1751\/revisions"}],"predecessor-version":[{"id":1765,"href":"https:\/\/beopenbesmart.com\/index.php?rest_route=\/wp\/v2\/pages\/1751\/revisions\/1765"}],"wp:attachment":[{"href":"https:\/\/beopenbesmart.com\/index.php?rest_route=%2Fwp%2Fv2%2Fmedia&parent=1751"}],"curies":[{"name":"wp","href":"https:\/\/api.w.org\/{rel}","templated":true}]}}