{"id":1173,"date":"2017-07-13T09:41:03","date_gmt":"2017-07-13T07:41:03","guid":{"rendered":"http:\/\/beopenbesmart.com\/?page_id=1173"},"modified":"2022-01-26T18:50:10","modified_gmt":"2022-01-26T17:50:10","slug":"alarmesecurite","status":"publish","type":"page","link":"https:\/\/beopenbesmart.com\/?page_id=1173","title":{"rendered":"Alarme\/S\u00e9curit\u00e9"},"content":{"rendered":"<h4>Pour votre s\u00e9curit\u00e9 nous intervenons sur les d\u00e9partements 74, 01 et la Suisse.<\/h4>\n<h4>Alarme:<\/h4>\n<p>Pour la protection &nbsp;des biens et des personnes, nous avons choisi:<\/p>\n<p><strong>Coupl\u00e9 avec un syst\u00e8me domotique: <\/strong>le syst\u00e8me de s\u00e9curit\u00e9 Paradox. La centrale d&rsquo;alarme EVO192 s&rsquo;installe aussi bien dans le neuf avec des d\u00e9tecteurs filaires qu&rsquo;en r\u00e9novation avec des d\u00e9tecteurs sans fil avec une port\u00e9e radio jusqu&rsquo;\u00e0 35 m\u00e8tres en int\u00e9rieur et 100 m\u00e8tres en champs libre. De plus, cette centrale s&rsquo;int\u00e8gre parfaitement avec Control4 et bien d&rsquo;autres syst\u00e8mes d&rsquo;automatisation. Jusqu&rsquo;\u00e0 192 zones pour 8 partitions, 999 utilisateurs, les diff\u00e9rents mode d&rsquo;armement permettent de r\u00e9pondre \u00e0 l&rsquo;ensemble de vos besoins: Mode total, Mode Partiel, Mode Instant (Mode Partiel sans d\u00e9lais d&rsquo;entr\u00e9e), Intellizone, Relais libre de potentiel, Sorties programmables, etc.<\/p>\n<p><strong>Pour un syst\u00e8me autonome:<\/strong> le syst\u00e8me de s\u00e9curit\u00e9 Ajax. Nous avons \u00e9t\u00e9 vraiment impressionn\u00e9 par la port\u00e9e radio de la centrale et des d\u00e9tecteurs, ce qui en fait certainement la meilleure alarme du march\u00e9. Design particuli\u00e8rement soign\u00e9, simplicit\u00e9 d&rsquo;utilisation, rapport qualit\u00e9-prix sans \u00e9quivalent, il est aussi possible d&rsquo;afficher vos cam\u00e9ras de vid\u00e9osurveillance dans l&rsquo;application Ajax.<\/p>\n<p>Notre expertise nous permet de configurer votre alarme et nous l&rsquo;exp\u00e9dions, il ne vous reste qu&rsquo;\u00e0 brancher l&rsquo;alarme sur le secteur, fixer les d\u00e9tecteurs et voil\u00e0. Pour toute demande d&rsquo;informations, merci d&rsquo;utiliser la page contact.<\/p>\n<h4>Vid\u00e9osurveillance:<\/h4>\n<p>Nous installons exclusivement des cam\u00e9ras IP PoE (Power over Ethernet), un seul c\u00e2ble pour les donn\u00e9es et l&rsquo;alimentation (C\u00e2ble ethernet Cat6). Cette solution permet d&rsquo;obtenir des images d&rsquo;une r\u00e9solution jusqu&rsquo;\u00e0 12 Megapixels (sup\u00e9rieure \u00e0 4K)! Enregistrement sur NAS ou NVR, nous avons des solutions pour le r\u00e9sidentiel et le tertiaire. Toutes nos installations de vid\u00e9osurveillance disposent de la visualisation \u00e0 distance des cam\u00e9ras.<\/p>\n<h4>Visiophone:<\/h4>\n<p>Nous installons des portiers vid\u00e9o aussi bien dans le r\u00e9sidentiel que le collectif. Du simple bouton d&rsquo;appel au d\u00e9filement de noms, chaque projet peut \u00eatre accompagn\u00e9 d&rsquo;une solution de contr\u00f4le d&rsquo;acc\u00e8s par badge ou par code. Technologie BUS 2fils ou IP.<\/p>\n<p>Pour les passionn\u00e9s de technologie, nous sommes partenaire Doorbird. Ce portier vid\u00e9o sonnera sur votre iPhone, iPad, Smartphone Android. Dites adieu au poste int\u00e9rieur inesth\u00e9tique. Il permet de recevoir les appels depuis n&rsquo;importe o\u00f9 sans abonnement!<\/p>\n<h4>Contr\u00f4le d&rsquo;acc\u00e8s:<\/h4>\n<p>Clavier \u00e0 code, Lecteur de badges RFID, Lecteur d&#8217;empreintes digitales et Lecteur QRCodes, Serrure connect\u00e9e, nous avons la solution pour g\u00e9rer vos acc\u00e8s d&rsquo;une mani\u00e8re permanente ou ponctuelle.<\/p>\n\n\n<figure class=\"wp-block-image size-large\"><img data-recalc-dims=\"1\" loading=\"lazy\" decoding=\"async\" width=\"1000\" height=\"667\" src=\"https:\/\/i0.wp.com\/beopenbesmart.com\/wp-content\/uploads\/nuki-press-1-web.jpg?resize=1000%2C667\" alt=\"\" class=\"wp-image-1788\" srcset=\"https:\/\/i0.wp.com\/beopenbesmart.com\/wp-content\/uploads\/nuki-press-1-web.jpg?w=1000&amp;ssl=1 1000w, https:\/\/i0.wp.com\/beopenbesmart.com\/wp-content\/uploads\/nuki-press-1-web.jpg?resize=300%2C200&amp;ssl=1 300w, https:\/\/i0.wp.com\/beopenbesmart.com\/wp-content\/uploads\/nuki-press-1-web.jpg?resize=200%2C133&amp;ssl=1 200w, https:\/\/i0.wp.com\/beopenbesmart.com\/wp-content\/uploads\/nuki-press-1-web.jpg?resize=768%2C512&amp;ssl=1 768w, https:\/\/i0.wp.com\/beopenbesmart.com\/wp-content\/uploads\/nuki-press-1-web.jpg?resize=120%2C80&amp;ssl=1 120w\" sizes=\"(max-width: 1000px) 100vw, 1000px\" \/><figcaption>Serrure connect\u00e9e Nuki compatible Doorbird<\/figcaption><\/figure>\n\n\n<p><a href=\"https:\/\/www.meilleur-artisan.com\/france\/rhone-alpes\/haute-savoie\/la-roche-sur-foron\/alarme.html\" title=\"Annuaire Entreprise d'alarme \u00e0 LA ROCHE-SUR-FORON\">Entreprise d&rsquo;alarme LA ROCHE-SUR-FORON<\/a><\/p>","protected":false},"excerpt":{"rendered":"<p>Pour votre s\u00e9curit\u00e9 nous intervenons sur les d\u00e9partements 74, 01 et la Suisse. Alarme: Pour la protection &nbsp;des biens et des personnes, nous avons choisi: Coupl\u00e9 avec un syst\u00e8me domotique: le syst\u00e8me de s\u00e9curit\u00e9 Paradox. La centrale d&rsquo;alarme EVO192 s&rsquo;installe aussi bien dans le neuf avec des d\u00e9tecteurs filaires qu&rsquo;en r\u00e9novation avec des d\u00e9tecteurs sans<\/p>\n<div><a class=\"btn-filled btn\" href=\"https:\/\/beopenbesmart.com\/?page_id=1173\" title=\"Alarme\/S\u00e9curit\u00e9\">Lire la suite<\/a><\/div>\n","protected":false},"author":1,"featured_media":1733,"parent":0,"menu_order":0,"comment_status":"closed","ping_status":"closed","template":"","meta":{"footnotes":""},"aioseo_notices":[],"jetpack_sharing_enabled":true,"_links":{"self":[{"href":"https:\/\/beopenbesmart.com\/index.php?rest_route=\/wp\/v2\/pages\/1173"}],"collection":[{"href":"https:\/\/beopenbesmart.com\/index.php?rest_route=\/wp\/v2\/pages"}],"about":[{"href":"https:\/\/beopenbesmart.com\/index.php?rest_route=\/wp\/v2\/types\/page"}],"author":[{"embeddable":true,"href":"https:\/\/beopenbesmart.com\/index.php?rest_route=\/wp\/v2\/users\/1"}],"replies":[{"embeddable":true,"href":"https:\/\/beopenbesmart.com\/index.php?rest_route=%2Fwp%2Fv2%2Fcomments&post=1173"}],"version-history":[{"count":21,"href":"https:\/\/beopenbesmart.com\/index.php?rest_route=\/wp\/v2\/pages\/1173\/revisions"}],"predecessor-version":[{"id":1809,"href":"https:\/\/beopenbesmart.com\/index.php?rest_route=\/wp\/v2\/pages\/1173\/revisions\/1809"}],"wp:featuredmedia":[{"embeddable":true,"href":"https:\/\/beopenbesmart.com\/index.php?rest_route=\/wp\/v2\/media\/1733"}],"wp:attachment":[{"href":"https:\/\/beopenbesmart.com\/index.php?rest_route=%2Fwp%2Fv2%2Fmedia&parent=1173"}],"curies":[{"name":"wp","href":"https:\/\/api.w.org\/{rel}","templated":true}]}}